{"id":1091,"date":"2024-01-23T20:50:11","date_gmt":"2024-01-23T20:50:11","guid":{"rendered":"https:\/\/montrealeyecare.ca\/?page_id=1091"},"modified":"2024-12-10T14:32:44","modified_gmt":"2024-12-10T14:32:44","slug":"politiques-de-confidentialite","status":"publish","type":"page","link":"https:\/\/montrealeyecare.ca\/fr\/politiques-de-confidentialite\/","title":{"rendered":"Politiques de confidentialit\u00e9"},"content":{"rendered":"[vc_row type=\u00a0\u00bbin_container\u00a0\u00bb full_screen_row_position=\u00a0\u00bbmiddle\u00a0\u00bb column_margin=\u00a0\u00bbdefault\u00a0\u00bb column_direction=\u00a0\u00bbdefault\u00a0\u00bb column_direction_tablet=\u00a0\u00bbdefault\u00a0\u00bb column_direction_phone=\u00a0\u00bbdefault\u00a0\u00bb scene_position=\u00a0\u00bbcenter\u00a0\u00bb text_color=\u00a0\u00bbdark\u00a0\u00bb text_align=\u00a0\u00bbleft\u00a0\u00bb row_border_radius=\u00a0\u00bbnone\u00a0\u00bb row_border_radius_applies=\u00a0\u00bbbg\u00a0\u00bb overlay_strength=\u00a0\u00bb0.3&Prime; gradient_direction=\u00a0\u00bbleft_to_right\u00a0\u00bb shape_divider_position=\u00a0\u00bbbottom\u00a0\u00bb bg_image_animation=\u00a0\u00bbnone\u00a0\u00bb][vc_column column_padding=\u00a0\u00bbno-extra-padding\u00a0\u00bb column_padding_tablet=\u00a0\u00bbinherit\u00a0\u00bb column_padding_phone=\u00a0\u00bbinherit\u00a0\u00bb column_padding_position=\u00a0\u00bball\u00a0\u00bb background_color_opacity=\u00a0\u00bb1&Prime; background_hover_color_opacity=\u00a0\u00bb1&Prime; column_shadow=\u00a0\u00bbnone\u00a0\u00bb column_border_radius=\u00a0\u00bbnone\u00a0\u00bb column_link_target=\u00a0\u00bb_self\u00a0\u00bb gradient_direction=\u00a0\u00bbleft_to_right\u00a0\u00bb overlay_strength=\u00a0\u00bb0.3&Prime; width=\u00a0\u00bb1\/1&Prime; tablet_width_inherit=\u00a0\u00bbdefault\u00a0\u00bb tablet_text_alignment=\u00a0\u00bbdefault\u00a0\u00bb phone_text_alignment=\u00a0\u00bbdefault\u00a0\u00bb column_border_width=\u00a0\u00bbnone\u00a0\u00bb column_border_style=\u00a0\u00bbsolid\u00a0\u00bb bg_image_animation=\u00a0\u00bbnone\u00a0\u00bb][vc_column_text]\n<style>\n    a.cky-banner-element {<br \/>        padding: 8px 30px;<br \/>        background: #F8F9FA;<br \/>        color: #858A8F;<br \/>        border: 1px solid #DEE2E6;<br \/>        box-sizing: border-box;<br \/>        border-radius: 2px;<br \/>        cursor: pointer;<br \/>}<br \/><\/style>\n<h1 class=\"cookie-policy-h1\">Politique relative aux cookies<\/h1>\n<p>Date d&rsquo;entr\u00e9e en vigueur : 07 d\u00e9cembre 2023<br \/>\nDerni\u00e8re mise \u00e0 jour : 07 d\u00e9cembre 2023<\/p>\n<p>&nbsp;<\/p>\n<h5>Qu&rsquo;est-ce que les cookies ?<\/h5>\n<div class=\"cookie-policy-p\">\n<p>Cette Politique relative aux cookies explique ce que sont les cookies et comment nous les utilisons, les types de cookies que nous utilisons, c&rsquo;est-\u00e0-dire les informations que nous recueillons \u00e0 l&rsquo;aide de cookies, comment ces informations sont utilis\u00e9es, et comment g\u00e9rer les param\u00e8tres des cookies.<\/p>\n<p>Les cookies sont de petits fichiers texte utilis\u00e9s pour stocker de petites informations. Ils sont enregistr\u00e9s sur votre appareil lorsque le site Web est charg\u00e9 dans votre navigateur. Ces cookies nous aident \u00e0 faire fonctionner le site Web correctement, \u00e0 le rendre plus s\u00e9curis\u00e9, \u00e0 offrir une meilleure exp\u00e9rience utilisateur, \u00e0 comprendre le fonctionnement du site Web et \u00e0 analyser ce qui fonctionne et l\u00e0 o\u00f9 des am\u00e9liorations sont n\u00e9cessaires.<\/p>\n<\/div>\n<p>&nbsp;<\/p>\n<h5>Comment utilisons-nous les cookies ?<\/h5>\n<div class=\"cookie-policy-p\">\n<p>Comme la plupart des services en ligne, notre site Web utilise des cookies internes et des cookies tiers \u00e0 plusieurs fins. Les cookies internes sont principalement n\u00e9cessaires au bon fonctionnement du site Web, et ils ne collectent aucune de vos donn\u00e9es personnelles identifiables.<\/p>\n<p>Les cookies tiers utilis\u00e9s sur notre site Web servent principalement \u00e0 comprendre comment le site Web se comporte, comment vous interagissez avec notre site Web, \u00e0 assurer la s\u00e9curit\u00e9 de nos services, \u00e0 fournir des publicit\u00e9s pertinentes pour vous, et dans l&rsquo;ensemble \u00e0 vous offrir une exp\u00e9rience utilisateur meilleure et am\u00e9lior\u00e9e, tout en acc\u00e9l\u00e9rant vos interactions futures avec notre site Web.<\/p>\n<\/div>\n<p>&nbsp;<\/p>\n<h5>Types de cookies que nous utilisons<\/h5>\n<div class=\"cky-audit-table-element\"><\/div>\n<p>&nbsp;<\/p>\n<h5 style=\"margin-bottom: 20px;\">G\u00e9rer les pr\u00e9f\u00e9rences de cookies<\/h5>\n<p><a class=\"cky-banner-element\">Param\u00e8tres de cookies<\/a><\/p>\n<div>\n<p>Vous pouvez modifier vos pr\u00e9f\u00e9rences de cookies \u00e0 tout moment en cliquant sur le bouton ci-dessus. Cela vous permettra de revisiter la banni\u00e8re de consentement aux cookies et de modifier vos pr\u00e9f\u00e9rences ou de retirer imm\u00e9diatement votre consentement.<\/p>\n<p>De plus, diff\u00e9rents navigateurs fournissent des m\u00e9thodes diff\u00e9rentes pour bloquer et supprimer les cookies utilis\u00e9s par les sites Web. Vous pouvez modifier les param\u00e8tres de votre navigateur pour bloquer\/supprimer les cookies. Ci-dessous, vous trouverez les liens vers les documents d&rsquo;assistance expliquant comment g\u00e9rer et supprimer les cookies des principaux navigateurs Web.<\/p>\n<p>Chrome : <a href=\"https:\/\/support.google.com\/accounts\/answer\/32050\" target=\"_blank\" rel=\"noopener\">https:\/\/support.google.com\/accounts\/answer\/32050<\/a><\/p>\n<p>Safari : <a href=\"https:\/\/support.apple.com\/en-in\/guide\/safari\/sfri11471\/mac\" target=\"_blank\" rel=\"noopener\">https:\/\/support.apple.com\/en-in\/guide\/safari\/sfri11471\/mac<\/a><\/p>\n<p>Firefox : <a href=\"https:\/\/support.mozilla.org\/en-US\/kb\/clear-cookies-and-site-data-firefox?redirectslug=delete-cookies-remove-info-websites-stored&amp;redirectlocale=en-US\" target=\"_blank\" rel=\"noopener\">https:\/\/support.mozilla.org\/en-US\/kb\/clear-cookies-and-site-data-firefox?redirectslug=delete-cookies-remove-info-websites-stored&amp;redirectlocale=en-US<\/a><\/p>\n<p>Internet Explorer : <a href=\"https:\/\/support.microsoft.com\/en-us\/topic\/how-to-delete-cookie-files-in-internet-explorer-bca9446f-d873-78de-77ba-d42645fa52fc\" target=\"_blank\" rel=\"noopener\">https:\/\/support.microsoft.com\/en-us\/topic\/how-to-delete-cookie-files-in-internet-explorer-bca9446f-d873-78de-77ba-d42645fa52fc<\/a><\/p>\n<p>Si vous utilisez un autre navigateur Web, veuillez consulter les documents d&rsquo;assistance officiels de votre navigateur.<\/p>\n<\/div>\n[\/vc_column_text][\/vc_column][\/vc_row][vc_row type=\u00a0\u00bbin_container\u00a0\u00bb full_screen_row_position=\u00a0\u00bbmiddle\u00a0\u00bb column_margin=\u00a0\u00bbdefault\u00a0\u00bb column_direction=\u00a0\u00bbdefault\u00a0\u00bb column_direction_tablet=\u00a0\u00bbdefault\u00a0\u00bb column_direction_phone=\u00a0\u00bbdefault\u00a0\u00bb scene_position=\u00a0\u00bbcenter\u00a0\u00bb text_color=\u00a0\u00bbdark\u00a0\u00bb text_align=\u00a0\u00bbleft\u00a0\u00bb row_border_radius=\u00a0\u00bbnone\u00a0\u00bb row_border_radius_applies=\u00a0\u00bbbg\u00a0\u00bb overlay_strength=\u00a0\u00bb0.3&Prime; gradient_direction=\u00a0\u00bbleft_to_right\u00a0\u00bb shape_divider_position=\u00a0\u00bbbottom\u00a0\u00bb bg_image_animation=\u00a0\u00bbnone\u00a0\u00bb][vc_column column_padding=\u00a0\u00bbno-extra-padding\u00a0\u00bb column_padding_tablet=\u00a0\u00bbinherit\u00a0\u00bb column_padding_phone=\u00a0\u00bbinherit\u00a0\u00bb column_padding_position=\u00a0\u00bball\u00a0\u00bb background_color_opacity=\u00a0\u00bb1&Prime; background_hover_color_opacity=\u00a0\u00bb1&Prime; column_shadow=\u00a0\u00bbnone\u00a0\u00bb column_border_radius=\u00a0\u00bbnone\u00a0\u00bb column_link_target=\u00a0\u00bb_self\u00a0\u00bb gradient_direction=\u00a0\u00bbleft_to_right\u00a0\u00bb overlay_strength=\u00a0\u00bb0.3&Prime; width=\u00a0\u00bb1\/1&Prime; tablet_width_inherit=\u00a0\u00bbdefault\u00a0\u00bb tablet_text_alignment=\u00a0\u00bbdefault\u00a0\u00bb phone_text_alignment=\u00a0\u00bbdefault\u00a0\u00bb column_border_width=\u00a0\u00bbnone\u00a0\u00bb column_border_style=\u00a0\u00bbsolid\u00a0\u00bb bg_image_animation=\u00a0\u00bbnone\u00a0\u00bb][vc_column_text]\n<h1 class=\"privacy-policy-h1\">Politique de confidentialit\u00e9<\/h1>\n<p>Derni\u00e8re mise \u00e0 jour le 07 d\u00e9cembre 2023<\/p>\n<p>Date d&rsquo;entr\u00e9e en vigueur : 07 d\u00e9cembre 2023<\/p>\n<p class=\"privacy-policy-p\">Cette Politique de confidentialit\u00e9 d\u00e9crit les politiques de<\/p>\n<p>Montreal Eyecare Associates,<br \/>\n4120, rue Sainte-Catherine Ouest, 3e \u00e9tage, Westmount,<br \/>\nQu\u00e9bec<br \/>\nH3Z 1P4,<br \/>\nCanada,<\/p>\n<p>t\u00e9l\u00e9phone : 514-931-2020<\/p>\n<p>concernant la collecte, l&rsquo;utilisation et la divulgation de vos informations que nous recueillons lorsque vous utilisez notre site Web (https:\/\/montrealeyecare.ca) (le \u00ab Service \u00bb). En acc\u00e9dant ou en utilisant le Service, vous consentez \u00e0 la collecte, \u00e0 l&rsquo;utilisation et \u00e0 la divulgation de vos informations conform\u00e9ment \u00e0 cette Politique de confidentialit\u00e9. Si vous n&rsquo;y consentez pas, veuillez ne pas acc\u00e9der ou n&rsquo;utiliser pas le Service.<\/p>\n<p class=\"privacy-policy-p\">Nous pouvons modifier cette Politique de confidentialit\u00e9 \u00e0 tout moment sans pr\u00e9avis et publierons la Politique de confidentialit\u00e9 r\u00e9vis\u00e9e sur le Service. La Politique r\u00e9vis\u00e9e sera en vigueur 180 jours \u00e0 compter de la date de publication de la Politique r\u00e9vis\u00e9e sur le Service, et votre acc\u00e8s continu ou votre utilisation du Service apr\u00e8s cette p\u00e9riode constitueront votre acceptation de la Politique de confidentialit\u00e9 r\u00e9vis\u00e9e. Nous vous recommandons donc de consulter p\u00e9riodiquement cette page.<\/p>\n<ol class=\"privacy-policy-ol\">\n<li>\n<h2 class=\"privacy-policy-h2\">Your Rights:<\/h2>\n<p class=\"privacy-policy-p\">Depending on the law that applies, you may have a<\/p>\n<p class=\"privacy-policy-p\">Vous avez le droit d&rsquo;acc\u00e9der \u00e0 vos donn\u00e9es personnelles, de les rectifier ou de les supprimer, de recevoir une copie de vos donn\u00e9es personnelles, de restreindre ou de vous opposer au traitement actif de vos donn\u00e9es, de nous demander de partager (porter) vos informations personnelles \u00e0 une autre entit\u00e9, de retirer tout consentement que vous nous avez fourni pour traiter vos donn\u00e9es, un droit de d\u00e9poser une plainte aupr\u00e8s d&rsquo;une autorit\u00e9 l\u00e9gale et d&rsquo;autres droits pertinents en vertu des lois applicables. Pour exercer ces droits, vous pouvez nous \u00e9crire \u00e0 msgans@sympatico.ca. Nous r\u00e9pondrons \u00e0 votre demande conform\u00e9ment \u00e0 la loi applicable.<\/p>\n<p class=\"privacy-policy-p\">Veuillez noter que si vous ne nous autorisez pas \u00e0 collecter ou traiter les informations personnelles requises ou retirez le consentement pour traiter ces informations aux fins requises, vous pourriez ne pas \u00eatre en mesure d&rsquo;acc\u00e9der ou d&rsquo;utiliser les services pour lesquels vos informations ont \u00e9t\u00e9 demand\u00e9es.<\/p>\n<\/li>\n<li>\n<h2 class=\"privacy-policy-h2\">Cookies, etc.<\/h2>\n<p>Pour en savoir plus sur la fa\u00e7on dont nous utilisons ces technologies de suivi et sur vos choix en relation avec ces technologies, veuillez vous r\u00e9f\u00e9rer \u00e0 notre Politique de cookies.<\/li>\n<li>\n<h2 class=\"privacy-policy-h2\">S\u00e9curit\u00e9 :<\/h2>\n<p class=\"privacy-policy-p\">La s\u00e9curit\u00e9 de vos informations est importante pour nous, et nous utiliserons des mesures de s\u00e9curit\u00e9 raisonnables pour \u00e9viter la perte, l&rsquo;utilisation abusive ou la modification non autoris\u00e9e de vos informations sous notre contr\u00f4le. Cependant, compte tenu des risques inh\u00e9rents, nous ne pouvons garantir une s\u00e9curit\u00e9 absolue et, par cons\u00e9quent, nous ne pouvons assurer ou garantir la s\u00e9curit\u00e9 de toute information que vous nous transmettez, et vous le faites \u00e0 vos propres risques.<\/p>\n<\/li>\n<li>\n<h2 class=\"privacy-policy-h2\">R\u00e9clamation \/ D\u00e9l\u00e9gu\u00e9 \u00e0 la protection des donn\u00e9es :<\/h2>\n<p class=\"privacy-policy-p\">Si vous avez des questions ou des pr\u00e9occupations concernant le traitement de vos informations disponibles chez nous, vous pouvez envoyer un courriel \u00e0 notre D\u00e9l\u00e9gu\u00e9 \u00e0 la protection des donn\u00e9es,<\/p>\n<p>le Dr. Mark Gans,<\/p>\n<p>4120, rue Sainte-Catherine Ouest, 3e \u00e9tage, Westmount.<\/p>\n<p>Nous traiterons vos pr\u00e9occupations conform\u00e9ment \u00e0 la loi applicable.<\/li>\n<\/ol>\n[\/vc_column_text][\/vc_column][\/vc_row]\n","protected":false},"excerpt":{"rendered":"<p>[vc_row type=\u00a0\u00bbin_container\u00a0\u00bb full_screen_row_position=\u00a0\u00bbmiddle\u00a0\u00bb column_margin=\u00a0\u00bbdefault\u00a0\u00bb column_direction=\u00a0\u00bbdefault\u00a0\u00bb column_direction_tablet=\u00a0\u00bbdefault\u00a0\u00bb column_direction_phone=\u00a0\u00bbdefault\u00a0\u00bb scene_position=\u00a0\u00bbcenter\u00a0\u00bb text_color=\u00a0\u00bbdark\u00a0\u00bb text_align=\u00a0\u00bbleft\u00a0\u00bb row_border_radius=\u00a0\u00bbnone\u00a0\u00bb row_border_radius_applies=\u00a0\u00bbbg\u00a0\u00bb overlay_strength=\u00a0\u00bb0.3&Prime; gradient_direction=\u00a0\u00bbleft_to_right\u00a0\u00bb shape_divider_position=\u00a0\u00bbbottom\u00a0\u00bb bg_image_animation=\u00a0\u00bbnone\u00a0\u00bb][vc_column column_padding=\u00a0\u00bbno-extra-padding\u00a0\u00bb column_padding_tablet=\u00a0\u00bbinherit\u00a0\u00bb column_padding_phone=\u00a0\u00bbinherit\u00a0\u00bb column_padding_position=\u00a0\u00bball\u00a0\u00bb background_color_opacity=\u00a0\u00bb1&Prime; background_hover_color_opacity=\u00a0\u00bb1&Prime; column_shadow=\u00a0\u00bbnone\u00a0\u00bb column_border_radius=\u00a0\u00bbnone\u00a0\u00bb column_link_target=\u00a0\u00bb_self\u00a0\u00bb gradient_direction=\u00a0\u00bbleft_to_right\u00a0\u00bb overlay_strength=\u00a0\u00bb0.3&Prime; width=\u00a0\u00bb1\/1&Prime; tablet_width_inherit=\u00a0\u00bbdefault\u00a0\u00bb tablet_text_alignment=\u00a0\u00bbdefault\u00a0\u00bb&#8230;<\/p>\n","protected":false},"author":6,"featured_media":0,"parent":0,"menu_order":0,"comment_status":"closed","ping_status":"closed","template":"","meta":{"footnotes":""},"class_list":["post-1091","page","type-page","status-publish"],"yoast_head":"<!-- This site is optimized with the Yoast SEO plugin v25.3 - https:\/\/yoast.com\/wordpress\/plugins\/seo\/ -->\n<title>Politiques de confidentialit\u00e9 - Montreal Eyecare Associates<\/title>\n<meta name=\"robots\" content=\"index, follow, max-snippet:-1, max-image-preview:large, max-video-preview:-1\" \/>\n<link rel=\"canonical\" href=\"https:\/\/montrealeyecare.ca\/fr\/politiques-de-confidentialite\/\" \/>\n<meta property=\"og:locale\" content=\"fr_FR\" \/>\n<meta property=\"og:type\" content=\"article\" \/>\n<meta property=\"og:title\" content=\"Politiques de confidentialit\u00e9 - Montreal Eyecare Associates\" \/>\n<meta property=\"og:description\" content=\"[vc_row type=\u00a0\u00bbin_container\u00a0\u00bb full_screen_row_position=\u00a0\u00bbmiddle\u00a0\u00bb column_margin=\u00a0\u00bbdefault\u00a0\u00bb column_direction=\u00a0\u00bbdefault\u00a0\u00bb column_direction_tablet=\u00a0\u00bbdefault\u00a0\u00bb column_direction_phone=\u00a0\u00bbdefault\u00a0\u00bb scene_position=\u00a0\u00bbcenter\u00a0\u00bb text_color=\u00a0\u00bbdark\u00a0\u00bb text_align=\u00a0\u00bbleft\u00a0\u00bb row_border_radius=\u00a0\u00bbnone\u00a0\u00bb row_border_radius_applies=\u00a0\u00bbbg\u00a0\u00bb overlay_strength=\u00a0\u00bb0.3&Prime; gradient_direction=\u00a0\u00bbleft_to_right\u00a0\u00bb shape_divider_position=\u00a0\u00bbbottom\u00a0\u00bb bg_image_animation=\u00a0\u00bbnone\u00a0\u00bb][vc_column column_padding=\u00a0\u00bbno-extra-padding\u00a0\u00bb column_padding_tablet=\u00a0\u00bbinherit\u00a0\u00bb column_padding_phone=\u00a0\u00bbinherit\u00a0\u00bb column_padding_position=\u00a0\u00bball\u00a0\u00bb background_color_opacity=\u00a0\u00bb1&Prime; background_hover_color_opacity=\u00a0\u00bb1&Prime; column_shadow=\u00a0\u00bbnone\u00a0\u00bb column_border_radius=\u00a0\u00bbnone\u00a0\u00bb column_link_target=\u00a0\u00bb_self\u00a0\u00bb gradient_direction=\u00a0\u00bbleft_to_right\u00a0\u00bb overlay_strength=\u00a0\u00bb0.3&Prime; width=\u00a0\u00bb1\/1&Prime; tablet_width_inherit=\u00a0\u00bbdefault\u00a0\u00bb tablet_text_alignment=\u00a0\u00bbdefault\u00a0\u00bb...\" \/>\n<meta property=\"og:url\" content=\"https:\/\/montrealeyecare.ca\/fr\/politiques-de-confidentialite\/\" \/>\n<meta property=\"og:site_name\" content=\"Montreal Eyecare Associates\" \/>\n<meta property=\"article:modified_time\" content=\"2024-12-10T14:32:44+00:00\" \/>\n<meta name=\"twitter:label1\" content=\"Dur\u00e9e de lecture estim\u00e9e\" \/>\n\t<meta name=\"twitter:data1\" content=\"5 minutes\" \/>\n<script type=\"application\/ld+json\" class=\"yoast-schema-graph\">{\"@context\":\"https:\/\/schema.org\",\"@graph\":[{\"@type\":\"WebPage\",\"@id\":\"https:\/\/montrealeyecare.ca\/fr\/politiques-de-confidentialite\/\",\"url\":\"https:\/\/montrealeyecare.ca\/fr\/politiques-de-confidentialite\/\",\"name\":\"Politiques de confidentialit\u00e9 - Montreal Eyecare Associates\",\"isPartOf\":{\"@id\":\"https:\/\/montrealeyecare.ca\/#website\"},\"datePublished\":\"2024-01-23T20:50:11+00:00\",\"dateModified\":\"2024-12-10T14:32:44+00:00\",\"breadcrumb\":{\"@id\":\"https:\/\/montrealeyecare.ca\/fr\/politiques-de-confidentialite\/#breadcrumb\"},\"inLanguage\":\"fr-FR\",\"potentialAction\":[{\"@type\":\"ReadAction\",\"target\":[\"https:\/\/montrealeyecare.ca\/fr\/politiques-de-confidentialite\/\"]}]},{\"@type\":\"BreadcrumbList\",\"@id\":\"https:\/\/montrealeyecare.ca\/fr\/politiques-de-confidentialite\/#breadcrumb\",\"itemListElement\":[{\"@type\":\"ListItem\",\"position\":1,\"name\":\"Home\",\"item\":\"https:\/\/montrealeyecare.ca\/fr\/\"},{\"@type\":\"ListItem\",\"position\":2,\"name\":\"Politiques de confidentialit\u00e9\"}]},{\"@type\":\"WebSite\",\"@id\":\"https:\/\/montrealeyecare.ca\/#website\",\"url\":\"https:\/\/montrealeyecare.ca\/\",\"name\":\"Montreal Eyecare Associates\",\"description\":\"\",\"potentialAction\":[{\"@type\":\"SearchAction\",\"target\":{\"@type\":\"EntryPoint\",\"urlTemplate\":\"https:\/\/montrealeyecare.ca\/?s={search_term_string}\"},\"query-input\":{\"@type\":\"PropertyValueSpecification\",\"valueRequired\":true,\"valueName\":\"search_term_string\"}}],\"inLanguage\":\"fr-FR\"}]}<\/script>\n<!-- \/ Yoast SEO plugin. -->","yoast_head_json":{"title":"Politiques de confidentialit\u00e9 - Montreal Eyecare Associates","robots":{"index":"index","follow":"follow","max-snippet":"max-snippet:-1","max-image-preview":"max-image-preview:large","max-video-preview":"max-video-preview:-1"},"canonical":"https:\/\/montrealeyecare.ca\/fr\/politiques-de-confidentialite\/","og_locale":"fr_FR","og_type":"article","og_title":"Politiques de confidentialit\u00e9 - Montreal Eyecare Associates","og_description":"[vc_row type=\u00a0\u00bbin_container\u00a0\u00bb full_screen_row_position=\u00a0\u00bbmiddle\u00a0\u00bb column_margin=\u00a0\u00bbdefault\u00a0\u00bb column_direction=\u00a0\u00bbdefault\u00a0\u00bb column_direction_tablet=\u00a0\u00bbdefault\u00a0\u00bb column_direction_phone=\u00a0\u00bbdefault\u00a0\u00bb scene_position=\u00a0\u00bbcenter\u00a0\u00bb text_color=\u00a0\u00bbdark\u00a0\u00bb text_align=\u00a0\u00bbleft\u00a0\u00bb row_border_radius=\u00a0\u00bbnone\u00a0\u00bb row_border_radius_applies=\u00a0\u00bbbg\u00a0\u00bb overlay_strength=\u00a0\u00bb0.3&Prime; gradient_direction=\u00a0\u00bbleft_to_right\u00a0\u00bb shape_divider_position=\u00a0\u00bbbottom\u00a0\u00bb bg_image_animation=\u00a0\u00bbnone\u00a0\u00bb][vc_column column_padding=\u00a0\u00bbno-extra-padding\u00a0\u00bb column_padding_tablet=\u00a0\u00bbinherit\u00a0\u00bb column_padding_phone=\u00a0\u00bbinherit\u00a0\u00bb column_padding_position=\u00a0\u00bball\u00a0\u00bb background_color_opacity=\u00a0\u00bb1&Prime; background_hover_color_opacity=\u00a0\u00bb1&Prime; column_shadow=\u00a0\u00bbnone\u00a0\u00bb column_border_radius=\u00a0\u00bbnone\u00a0\u00bb column_link_target=\u00a0\u00bb_self\u00a0\u00bb gradient_direction=\u00a0\u00bbleft_to_right\u00a0\u00bb overlay_strength=\u00a0\u00bb0.3&Prime; width=\u00a0\u00bb1\/1&Prime; tablet_width_inherit=\u00a0\u00bbdefault\u00a0\u00bb tablet_text_alignment=\u00a0\u00bbdefault\u00a0\u00bb...","og_url":"https:\/\/montrealeyecare.ca\/fr\/politiques-de-confidentialite\/","og_site_name":"Montreal Eyecare Associates","article_modified_time":"2024-12-10T14:32:44+00:00","twitter_misc":{"Dur\u00e9e de lecture estim\u00e9e":"5 minutes"},"schema":{"@context":"https:\/\/schema.org","@graph":[{"@type":"WebPage","@id":"https:\/\/montrealeyecare.ca\/fr\/politiques-de-confidentialite\/","url":"https:\/\/montrealeyecare.ca\/fr\/politiques-de-confidentialite\/","name":"Politiques de confidentialit\u00e9 - Montreal Eyecare Associates","isPartOf":{"@id":"https:\/\/montrealeyecare.ca\/#website"},"datePublished":"2024-01-23T20:50:11+00:00","dateModified":"2024-12-10T14:32:44+00:00","breadcrumb":{"@id":"https:\/\/montrealeyecare.ca\/fr\/politiques-de-confidentialite\/#breadcrumb"},"inLanguage":"fr-FR","potentialAction":[{"@type":"ReadAction","target":["https:\/\/montrealeyecare.ca\/fr\/politiques-de-confidentialite\/"]}]},{"@type":"BreadcrumbList","@id":"https:\/\/montrealeyecare.ca\/fr\/politiques-de-confidentialite\/#breadcrumb","itemListElement":[{"@type":"ListItem","position":1,"name":"Home","item":"https:\/\/montrealeyecare.ca\/fr\/"},{"@type":"ListItem","position":2,"name":"Politiques de confidentialit\u00e9"}]},{"@type":"WebSite","@id":"https:\/\/montrealeyecare.ca\/#website","url":"https:\/\/montrealeyecare.ca\/","name":"Montreal Eyecare Associates","description":"","potentialAction":[{"@type":"SearchAction","target":{"@type":"EntryPoint","urlTemplate":"https:\/\/montrealeyecare.ca\/?s={search_term_string}"},"query-input":{"@type":"PropertyValueSpecification","valueRequired":true,"valueName":"search_term_string"}}],"inLanguage":"fr-FR"}]}},"_links":{"self":[{"href":"https:\/\/montrealeyecare.ca\/fr\/wp-json\/wp\/v2\/pages\/1091","targetHints":{"allow":["GET"]}}],"collection":[{"href":"https:\/\/montrealeyecare.ca\/fr\/wp-json\/wp\/v2\/pages"}],"about":[{"href":"https:\/\/montrealeyecare.ca\/fr\/wp-json\/wp\/v2\/types\/page"}],"author":[{"embeddable":true,"href":"https:\/\/montrealeyecare.ca\/fr\/wp-json\/wp\/v2\/users\/6"}],"replies":[{"embeddable":true,"href":"https:\/\/montrealeyecare.ca\/fr\/wp-json\/wp\/v2\/comments?post=1091"}],"version-history":[{"count":0,"href":"https:\/\/montrealeyecare.ca\/fr\/wp-json\/wp\/v2\/pages\/1091\/revisions"}],"wp:attachment":[{"href":"https:\/\/montrealeyecare.ca\/fr\/wp-json\/wp\/v2\/media?parent=1091"}],"curies":[{"name":"wp","href":"https:\/\/api.w.org\/{rel}","templated":true}]}}