{"id":261,"date":"2014-07-30T16:30:50","date_gmt":"2014-07-30T16:30:50","guid":{"rendered":"http:\/\/clients.suska.ca\/meca2\/about-us-2\/"},"modified":"2021-02-17T19:56:01","modified_gmt":"2021-02-17T19:56:01","slug":"a-propos-de-nous","status":"publish","type":"page","link":"https:\/\/montrealeyecare.ca\/fr\/a-propos-de-nous\/","title":{"rendered":"\u00c0 Propos de Nous"},"content":{"rendered":"[vc_row type=\u00a0\u00bbfull_width_background\u00a0\u00bb bg_position=\u00a0\u00bbleft top\u00a0\u00bb bg_repeat=\u00a0\u00bbno-repeat\u00a0\u00bb bg_color=\u00a0\u00bb#ffffff\u00a0\u00bb scene_position=\u00a0\u00bbcenter\u00a0\u00bb text_color=\u00a0\u00bbdark\u00a0\u00bb text_align=\u00a0\u00bbleft\u00a0\u00bb][vc_column width=\u00a0\u00bb1\/1&Prime;][vc_row_inner][vc_column_inner width=\u00a0\u00bb1\/1&Prime;][vc_column_text]\n[\/vc_column_text][\/vc_column_inner][\/vc_row_inner][vc_row_inner class=\u00a0\u00bbno_mobile\u00a0\u00bb][vc_column_inner width=\u00a0\u00bb1\/1&Prime;][divider line_type=\u00a0\u00bbNo Line\u00a0\u00bb custom_height=\u00a0\u00bb50&Prime;][\/vc_column_inner][\/vc_row_inner][vc_column_text]\n<p class=\"mid_text\">Nos cliniciens et notre personnel s\u2019engagent \u00e0 vous offrir des soins oculaires remarquables, et ce, dans un environnement accueillant et confortable. Notre \u00e9quipe compos\u00e9e d\u2019ophtalmologistes et d\u2019une optom\u00e9triste hautement qualifi\u00e9s effectue un bilan de votre vision et s\u2019assure que vous compreniez le diagnostic ainsi que le traitement qui vous est propos\u00e9. Notre objectif est de vous mettre \u00e0 l\u2019aise et en confiance tout au long de votre visite, que ce soit lors de l\u2019enregistrement, de l\u2019\u00e9valuation par notre personnel technique, ou encore lors de l\u2019examen par l\u2019ophtalmologiste ou l\u2019optom\u00e9triste.<\/p>\n<p class=\"mid_text\">De plus, si vous avez des inqui\u00e9tudes suite \u00e0 votre consultation ou votre chirurgie, nous veillons \u00e0 ce que vous obteniez rapidement des r\u00e9ponses \u00e0 toutes vos questions.<\/p>\n[\/vc_column_text][divider line_type=\u00a0\u00bbNo Line\u00a0\u00bb custom_height=\u00a0\u00bb50&Prime;][\/vc_column][\/vc_row][vc_row type=\u00a0\u00bbfull_width_background\u00a0\u00bb bg_position=\u00a0\u00bbleft top\u00a0\u00bb bg_repeat=\u00a0\u00bbno-repeat\u00a0\u00bb bg_color=\u00a0\u00bb#ffffff\u00a0\u00bb scene_position=\u00a0\u00bbcenter\u00a0\u00bb text_color=\u00a0\u00bbdark\u00a0\u00bb text_align=\u00a0\u00bbleft\u00a0\u00bb]\n[vc_column width=\u00a0\u00bb1\/3&Prime;][vc_column_text]<a class=\"nectar-button n-sc-button large extra-color-1 has-icon regular-button\"  href=\"\/fr\/a-propos-de-nous\/nos-medecins\/\" data-color-override=\"#208696\" data-hover-color-override=\"false\" data-hover-text-color-override=\"#fff\"><span>Nos m\u00e9decins<\/span><i class=\"icon-button-arrow\"><\/i><\/a>[\/vc_column_text][\/vc_column]\n[vc_column width=\u00a0\u00bb1\/3&Prime;][vc_column_text]<a class=\"nectar-button n-sc-button large extra-color-1 has-icon regular-button\"  href=\"\/fr\/a-propos-de-nous\/notre-clinique\/\" data-color-override=\"#208696\" data-hover-color-override=\"false\" data-hover-text-color-override=\"#fff\"><span>Notre Clinique<\/span><i class=\"icon-button-arrow\"><\/i><\/a>[\/vc_column_text][\/vc_column]\n[vc_column width=\u00a0\u00bb1\/3&Prime;][vc_column_text]<a class=\"nectar-button n-sc-button large extra-color-1 has-icon regular-button\"  href=\"\/fr\/nous-joindre\/\" data-color-override=\"#208696\" data-hover-color-override=\"false\" data-hover-text-color-override=\"#fff\"><span>Prendre rendez-vous <\/span><i class=\"icon-button-arrow\"><\/i><\/a>[\/vc_column_text][\/vc_column][\/vc_row][vc_row type=\u00a0\u00bbfull_width_background\u00a0\u00bb bg_position=\u00a0\u00bbleft top\u00a0\u00bb bg_repeat=\u00a0\u00bbno-repeat\u00a0\u00bb bg_color=\u00a0\u00bb#ffffff\u00a0\u00bb scene_position=\u00a0\u00bbcenter\u00a0\u00bb text_color=\u00a0\u00bbdark\u00a0\u00bb text_align=\u00a0\u00bbleft\u00a0\u00bb][vc_column width=\u00a0\u00bb1\/1&Prime;][divider line_type=\u00a0\u00bbNo Line\u00a0\u00bb custom_height=\u00a0\u00bb75&Prime;][\/vc_column][\/vc_row]\n","protected":false},"excerpt":{"rendered":"<p>[vc_row type=\u00a0\u00bbfull_width_background\u00a0\u00bb bg_position=\u00a0\u00bbleft top\u00a0\u00bb bg_repeat=\u00a0\u00bbno-repeat\u00a0\u00bb bg_color=\u00a0\u00bb#ffffff\u00a0\u00bb scene_position=\u00a0\u00bbcenter\u00a0\u00bb text_color=\u00a0\u00bbdark\u00a0\u00bb text_align=\u00a0\u00bbleft\u00a0\u00bb][vc_column width=\u00a0\u00bb1\/1&Prime;][vc_row_inner][vc_column_inner width=\u00a0\u00bb1\/1&Prime;][vc_column_text] [\/vc_column_text][\/vc_column_inner][\/vc_row_inner][vc_row_inner class=\u00a0\u00bbno_mobile\u00a0\u00bb][vc_column_inner width=\u00a0\u00bb1\/1&Prime;][divider line_type=\u00a0\u00bbNo Line\u00a0\u00bb custom_height=\u00a0\u00bb50&Prime;][\/vc_column_inner][\/vc_row_inner][vc_column_text] Nos cliniciens et notre personnel s\u2019engagent \u00e0 vous offrir des soins oculaires remarquables,&#8230;<\/p>\n","protected":false},"author":5,"featured_media":0,"parent":0,"menu_order":2,"comment_status":"closed","ping_status":"closed","template":"","meta":{"footnotes":""},"class_list":["post-261","page","type-page","status-publish"],"yoast_head":"<!-- This site is optimized with the Yoast SEO plugin v25.3 - https:\/\/yoast.com\/wordpress\/plugins\/seo\/ -->\n<title>\u00c0 Propos de Nous - Montreal Eyecare Associates<\/title>\n<meta name=\"robots\" content=\"index, follow, max-snippet:-1, max-image-preview:large, max-video-preview:-1\" \/>\n<link rel=\"canonical\" href=\"https:\/\/montrealeyecare.ca\/fr\/a-propos-de-nous\/\" \/>\n<meta property=\"og:locale\" content=\"fr_FR\" \/>\n<meta property=\"og:type\" content=\"article\" \/>\n<meta property=\"og:title\" content=\"\u00c0 Propos de Nous - Montreal Eyecare Associates\" \/>\n<meta property=\"og:description\" content=\"[vc_row type=\u00a0\u00bbfull_width_background\u00a0\u00bb bg_position=\u00a0\u00bbleft top\u00a0\u00bb bg_repeat=\u00a0\u00bbno-repeat\u00a0\u00bb bg_color=\u00a0\u00bb#ffffff\u00a0\u00bb scene_position=\u00a0\u00bbcenter\u00a0\u00bb text_color=\u00a0\u00bbdark\u00a0\u00bb text_align=\u00a0\u00bbleft\u00a0\u00bb][vc_column width=\u00a0\u00bb1\/1&Prime;][vc_row_inner][vc_column_inner width=\u00a0\u00bb1\/1&Prime;][vc_column_text] [\/vc_column_text][\/vc_column_inner][\/vc_row_inner][vc_row_inner class=\u00a0\u00bbno_mobile\u00a0\u00bb][vc_column_inner width=\u00a0\u00bb1\/1&Prime;][divider line_type=\u00a0\u00bbNo Line\u00a0\u00bb custom_height=\u00a0\u00bb50&Prime;][\/vc_column_inner][\/vc_row_inner][vc_column_text] Nos cliniciens et notre personnel s\u2019engagent \u00e0 vous offrir des soins oculaires remarquables,...\" \/>\n<meta property=\"og:url\" content=\"https:\/\/montrealeyecare.ca\/fr\/a-propos-de-nous\/\" \/>\n<meta property=\"og:site_name\" content=\"Montreal Eyecare Associates\" \/>\n<meta property=\"article:modified_time\" content=\"2021-02-17T19:56:01+00:00\" \/>\n<meta name=\"twitter:label1\" content=\"Dur\u00e9e de lecture estim\u00e9e\" \/>\n\t<meta name=\"twitter:data1\" content=\"2 minutes\" \/>\n<script type=\"application\/ld+json\" class=\"yoast-schema-graph\">{\"@context\":\"https:\/\/schema.org\",\"@graph\":[{\"@type\":\"WebPage\",\"@id\":\"https:\/\/montrealeyecare.ca\/fr\/a-propos-de-nous\/\",\"url\":\"https:\/\/montrealeyecare.ca\/fr\/a-propos-de-nous\/\",\"name\":\"\u00c0 Propos de Nous - Montreal Eyecare Associates\",\"isPartOf\":{\"@id\":\"https:\/\/montrealeyecare.ca\/#website\"},\"datePublished\":\"2014-07-30T16:30:50+00:00\",\"dateModified\":\"2021-02-17T19:56:01+00:00\",\"breadcrumb\":{\"@id\":\"https:\/\/montrealeyecare.ca\/fr\/a-propos-de-nous\/#breadcrumb\"},\"inLanguage\":\"fr-FR\",\"potentialAction\":[{\"@type\":\"ReadAction\",\"target\":[\"https:\/\/montrealeyecare.ca\/fr\/a-propos-de-nous\/\"]}]},{\"@type\":\"BreadcrumbList\",\"@id\":\"https:\/\/montrealeyecare.ca\/fr\/a-propos-de-nous\/#breadcrumb\",\"itemListElement\":[{\"@type\":\"ListItem\",\"position\":1,\"name\":\"Home\",\"item\":\"https:\/\/montrealeyecare.ca\/fr\/\"},{\"@type\":\"ListItem\",\"position\":2,\"name\":\"\u00c0 Propos de Nous\"}]},{\"@type\":\"WebSite\",\"@id\":\"https:\/\/montrealeyecare.ca\/#website\",\"url\":\"https:\/\/montrealeyecare.ca\/\",\"name\":\"Montreal Eyecare Associates\",\"description\":\"\",\"potentialAction\":[{\"@type\":\"SearchAction\",\"target\":{\"@type\":\"EntryPoint\",\"urlTemplate\":\"https:\/\/montrealeyecare.ca\/?s={search_term_string}\"},\"query-input\":{\"@type\":\"PropertyValueSpecification\",\"valueRequired\":true,\"valueName\":\"search_term_string\"}}],\"inLanguage\":\"fr-FR\"}]}<\/script>\n<!-- \/ Yoast SEO plugin. -->","yoast_head_json":{"title":"\u00c0 Propos de Nous - Montreal Eyecare Associates","robots":{"index":"index","follow":"follow","max-snippet":"max-snippet:-1","max-image-preview":"max-image-preview:large","max-video-preview":"max-video-preview:-1"},"canonical":"https:\/\/montrealeyecare.ca\/fr\/a-propos-de-nous\/","og_locale":"fr_FR","og_type":"article","og_title":"\u00c0 Propos de Nous - Montreal Eyecare Associates","og_description":"[vc_row type=\u00a0\u00bbfull_width_background\u00a0\u00bb bg_position=\u00a0\u00bbleft top\u00a0\u00bb bg_repeat=\u00a0\u00bbno-repeat\u00a0\u00bb bg_color=\u00a0\u00bb#ffffff\u00a0\u00bb scene_position=\u00a0\u00bbcenter\u00a0\u00bb text_color=\u00a0\u00bbdark\u00a0\u00bb text_align=\u00a0\u00bbleft\u00a0\u00bb][vc_column width=\u00a0\u00bb1\/1&Prime;][vc_row_inner][vc_column_inner width=\u00a0\u00bb1\/1&Prime;][vc_column_text] [\/vc_column_text][\/vc_column_inner][\/vc_row_inner][vc_row_inner class=\u00a0\u00bbno_mobile\u00a0\u00bb][vc_column_inner width=\u00a0\u00bb1\/1&Prime;][divider line_type=\u00a0\u00bbNo Line\u00a0\u00bb custom_height=\u00a0\u00bb50&Prime;][\/vc_column_inner][\/vc_row_inner][vc_column_text] Nos cliniciens et notre personnel s\u2019engagent \u00e0 vous offrir des soins oculaires remarquables,...","og_url":"https:\/\/montrealeyecare.ca\/fr\/a-propos-de-nous\/","og_site_name":"Montreal Eyecare Associates","article_modified_time":"2021-02-17T19:56:01+00:00","twitter_misc":{"Dur\u00e9e de lecture estim\u00e9e":"2 minutes"},"schema":{"@context":"https:\/\/schema.org","@graph":[{"@type":"WebPage","@id":"https:\/\/montrealeyecare.ca\/fr\/a-propos-de-nous\/","url":"https:\/\/montrealeyecare.ca\/fr\/a-propos-de-nous\/","name":"\u00c0 Propos de Nous - Montreal Eyecare Associates","isPartOf":{"@id":"https:\/\/montrealeyecare.ca\/#website"},"datePublished":"2014-07-30T16:30:50+00:00","dateModified":"2021-02-17T19:56:01+00:00","breadcrumb":{"@id":"https:\/\/montrealeyecare.ca\/fr\/a-propos-de-nous\/#breadcrumb"},"inLanguage":"fr-FR","potentialAction":[{"@type":"ReadAction","target":["https:\/\/montrealeyecare.ca\/fr\/a-propos-de-nous\/"]}]},{"@type":"BreadcrumbList","@id":"https:\/\/montrealeyecare.ca\/fr\/a-propos-de-nous\/#breadcrumb","itemListElement":[{"@type":"ListItem","position":1,"name":"Home","item":"https:\/\/montrealeyecare.ca\/fr\/"},{"@type":"ListItem","position":2,"name":"\u00c0 Propos de Nous"}]},{"@type":"WebSite","@id":"https:\/\/montrealeyecare.ca\/#website","url":"https:\/\/montrealeyecare.ca\/","name":"Montreal Eyecare Associates","description":"","potentialAction":[{"@type":"SearchAction","target":{"@type":"EntryPoint","urlTemplate":"https:\/\/montrealeyecare.ca\/?s={search_term_string}"},"query-input":{"@type":"PropertyValueSpecification","valueRequired":true,"valueName":"search_term_string"}}],"inLanguage":"fr-FR"}]}},"_links":{"self":[{"href":"https:\/\/montrealeyecare.ca\/fr\/wp-json\/wp\/v2\/pages\/261","targetHints":{"allow":["GET"]}}],"collection":[{"href":"https:\/\/montrealeyecare.ca\/fr\/wp-json\/wp\/v2\/pages"}],"about":[{"href":"https:\/\/montrealeyecare.ca\/fr\/wp-json\/wp\/v2\/types\/page"}],"author":[{"embeddable":true,"href":"https:\/\/montrealeyecare.ca\/fr\/wp-json\/wp\/v2\/users\/5"}],"replies":[{"embeddable":true,"href":"https:\/\/montrealeyecare.ca\/fr\/wp-json\/wp\/v2\/comments?post=261"}],"version-history":[{"count":0,"href":"https:\/\/montrealeyecare.ca\/fr\/wp-json\/wp\/v2\/pages\/261\/revisions"}],"wp:attachment":[{"href":"https:\/\/montrealeyecare.ca\/fr\/wp-json\/wp\/v2\/media?parent=261"}],"curies":[{"name":"wp","href":"https:\/\/api.w.org\/{rel}","templated":true}]}}