{"id":273,"date":"2014-07-30T16:31:43","date_gmt":"2014-07-30T16:31:43","guid":{"rendered":"http:\/\/clients.suska.ca\/meca2\/a-propos-de-nous\/our-clinic\/"},"modified":"2021-02-17T20:07:22","modified_gmt":"2021-02-17T20:07:22","slug":"notre-clinique","status":"publish","type":"page","link":"https:\/\/montrealeyecare.ca\/fr\/a-propos-de-nous\/notre-clinique\/","title":{"rendered":"Notre clinique"},"content":{"rendered":"[vc_row type=\u00a0\u00bbfull_width_background\u00a0\u00bb bg_position=\u00a0\u00bbleft top\u00a0\u00bb bg_repeat=\u00a0\u00bbno-repeat\u00a0\u00bb bg_color=\u00a0\u00bb#ffffff\u00a0\u00bb scene_position=\u00a0\u00bbcenter\u00a0\u00bb text_color=\u00a0\u00bbdark\u00a0\u00bb text_align=\u00a0\u00bbleft\u00a0\u00bb][vc_column width=\u00a0\u00bb1\/1&Prime;][vc_row_inner][vc_column_inner width=\u00a0\u00bb1\/1&Prime;][vc_column_text]\n[\/vc_column_text][\/vc_column_inner][\/vc_row_inner][image_with_animation image_url=\u00a0\u00bb986&Prime; alignment=\u00a0\u00bbcenter\u00a0\u00bb animation=\u00a0\u00bbFade In\u00a0\u00bb img_link_target=\u00a0\u00bb_self\u00a0\u00bb][divider line_type=\u00a0\u00bbNo Line\u00a0\u00bb custom_height=\u00a0\u00bb50&Prime;][vc_column_text]\n<p class=\"mid_text\">La clinique Associ\u00e9s Soins Oculaires Montr\u00e9al\u00a0s\u2019engage \u00e0 vous procurer un service de pointe en consultation et traitements, le tout dans un environnement confortable et facilement accessible. Nos patients b\u00e9n\u00e9ficient du savoir-faire d\u2019un vaste r\u00e9seau de sp\u00e9cialistes en sant\u00e9 des yeux et autres domaines m\u00e9dicaux.<\/p>\n<p class=\"mid_text\">Nos cliniciens s\u2019assurent de vous expliquer clairement chaque diagnostic et traitement propos\u00e9. Lors de l\u2019\u00e9valuation clinique, nous r\u00e9pondons \u00e0 toutes vos questions afin que vous puissiez prendre une d\u00e9cision \u00e9clair\u00e9e au sujet de la sant\u00e9 de vos yeux. Notre personnel de soutien (depuis les administrateurs, jusqu\u2019\u00e0 notre \u00e9quipe technique) occupe une place importante dans notre \u00e9quipe, permettant \u00e0 nos patients d\u2019obtenir un rendez-vous rapidement et de b\u00e9n\u00e9ficier d\u2019un suivi t\u00e9l\u00e9phonique si un probl\u00e8me surgissait.<\/p>\n[\/vc_column_text][divider line_type=\u00a0\u00bbNo Line\u00a0\u00bb custom_height=\u00a0\u00bb50&Prime;][vc_gallery type=\u00a0\u00bbimage_grid\u00a0\u00bb interval=\u00a0\u00bb3&Prime; images=\u00a0\u00bb979,980,981,982,983,984&Prime; layout=\u00a0\u00bb3&Prime; gallery_style=\u00a0\u00bb3&Prime; onclick=\u00a0\u00bblink_image\u00a0\u00bb custom_links_target=\u00a0\u00bb_self\u00a0\u00bb img_size=\u00a0\u00bb394&#215;150&Prime;][divider line_type=\u00a0\u00bbNo Line\u00a0\u00bb custom_height=\u00a0\u00bb50&Prime;][\/vc_column][\/vc_row]\n","protected":false},"excerpt":{"rendered":"<p>[vc_row type=\u00a0\u00bbfull_width_background\u00a0\u00bb bg_position=\u00a0\u00bbleft top\u00a0\u00bb bg_repeat=\u00a0\u00bbno-repeat\u00a0\u00bb bg_color=\u00a0\u00bb#ffffff\u00a0\u00bb scene_position=\u00a0\u00bbcenter\u00a0\u00bb text_color=\u00a0\u00bbdark\u00a0\u00bb text_align=\u00a0\u00bbleft\u00a0\u00bb][vc_column width=\u00a0\u00bb1\/1&Prime;][vc_row_inner][vc_column_inner width=\u00a0\u00bb1\/1&Prime;][vc_column_text] [\/vc_column_text][\/vc_column_inner][\/vc_row_inner][image_with_animation image_url=\u00a0\u00bb986&Prime; alignment=\u00a0\u00bbcenter\u00a0\u00bb animation=\u00a0\u00bbFade In\u00a0\u00bb img_link_target=\u00a0\u00bb_self\u00a0\u00bb][divider line_type=\u00a0\u00bbNo Line\u00a0\u00bb custom_height=\u00a0\u00bb50&Prime;][vc_column_text] La clinique Associ\u00e9s Soins Oculaires Montr\u00e9al\u00a0s\u2019engage \u00e0 vous procurer un&#8230;<\/p>\n","protected":false},"author":5,"featured_media":0,"parent":261,"menu_order":2,"comment_status":"closed","ping_status":"closed","template":"","meta":{"footnotes":""},"class_list":["post-273","page","type-page","status-publish"],"yoast_head":"<!-- This site is optimized with the Yoast SEO plugin v25.3 - https:\/\/yoast.com\/wordpress\/plugins\/seo\/ -->\n<title>Notre clinique - Montreal Eyecare Associates<\/title>\n<meta name=\"robots\" content=\"index, follow, max-snippet:-1, max-image-preview:large, max-video-preview:-1\" \/>\n<link rel=\"canonical\" href=\"https:\/\/montrealeyecare.ca\/fr\/a-propos-de-nous\/notre-clinique\/\" \/>\n<meta property=\"og:locale\" content=\"fr_FR\" \/>\n<meta property=\"og:type\" content=\"article\" \/>\n<meta property=\"og:title\" content=\"Notre clinique - Montreal Eyecare Associates\" \/>\n<meta property=\"og:description\" content=\"[vc_row type=\u00a0\u00bbfull_width_background\u00a0\u00bb bg_position=\u00a0\u00bbleft top\u00a0\u00bb bg_repeat=\u00a0\u00bbno-repeat\u00a0\u00bb bg_color=\u00a0\u00bb#ffffff\u00a0\u00bb scene_position=\u00a0\u00bbcenter\u00a0\u00bb text_color=\u00a0\u00bbdark\u00a0\u00bb text_align=\u00a0\u00bbleft\u00a0\u00bb][vc_column width=\u00a0\u00bb1\/1&Prime;][vc_row_inner][vc_column_inner width=\u00a0\u00bb1\/1&Prime;][vc_column_text] [\/vc_column_text][\/vc_column_inner][\/vc_row_inner][image_with_animation image_url=\u00a0\u00bb986&Prime; alignment=\u00a0\u00bbcenter\u00a0\u00bb animation=\u00a0\u00bbFade In\u00a0\u00bb img_link_target=\u00a0\u00bb_self\u00a0\u00bb][divider line_type=\u00a0\u00bbNo Line\u00a0\u00bb custom_height=\u00a0\u00bb50&Prime;][vc_column_text] La clinique Associ\u00e9s Soins Oculaires Montr\u00e9al\u00a0s\u2019engage \u00e0 vous procurer un...\" \/>\n<meta property=\"og:url\" content=\"https:\/\/montrealeyecare.ca\/fr\/a-propos-de-nous\/notre-clinique\/\" \/>\n<meta property=\"og:site_name\" content=\"Montreal Eyecare Associates\" \/>\n<meta property=\"article:modified_time\" content=\"2021-02-17T20:07:22+00:00\" \/>\n<meta name=\"twitter:label1\" content=\"Dur\u00e9e de lecture estim\u00e9e\" \/>\n\t<meta name=\"twitter:data1\" content=\"1 minute\" \/>\n<script type=\"application\/ld+json\" class=\"yoast-schema-graph\">{\"@context\":\"https:\/\/schema.org\",\"@graph\":[{\"@type\":\"WebPage\",\"@id\":\"https:\/\/montrealeyecare.ca\/fr\/a-propos-de-nous\/notre-clinique\/\",\"url\":\"https:\/\/montrealeyecare.ca\/fr\/a-propos-de-nous\/notre-clinique\/\",\"name\":\"Notre clinique - Montreal Eyecare Associates\",\"isPartOf\":{\"@id\":\"https:\/\/montrealeyecare.ca\/#website\"},\"datePublished\":\"2014-07-30T16:31:43+00:00\",\"dateModified\":\"2021-02-17T20:07:22+00:00\",\"breadcrumb\":{\"@id\":\"https:\/\/montrealeyecare.ca\/fr\/a-propos-de-nous\/notre-clinique\/#breadcrumb\"},\"inLanguage\":\"fr-FR\",\"potentialAction\":[{\"@type\":\"ReadAction\",\"target\":[\"https:\/\/montrealeyecare.ca\/fr\/a-propos-de-nous\/notre-clinique\/\"]}]},{\"@type\":\"BreadcrumbList\",\"@id\":\"https:\/\/montrealeyecare.ca\/fr\/a-propos-de-nous\/notre-clinique\/#breadcrumb\",\"itemListElement\":[{\"@type\":\"ListItem\",\"position\":1,\"name\":\"Home\",\"item\":\"https:\/\/montrealeyecare.ca\/fr\/\"},{\"@type\":\"ListItem\",\"position\":2,\"name\":\"\u00c0 Propos de Nous\",\"item\":\"https:\/\/montrealeyecare.ca\/fr\/a-propos-de-nous\/\"},{\"@type\":\"ListItem\",\"position\":3,\"name\":\"Notre clinique\"}]},{\"@type\":\"WebSite\",\"@id\":\"https:\/\/montrealeyecare.ca\/#website\",\"url\":\"https:\/\/montrealeyecare.ca\/\",\"name\":\"Montreal Eyecare Associates\",\"description\":\"\",\"potentialAction\":[{\"@type\":\"SearchAction\",\"target\":{\"@type\":\"EntryPoint\",\"urlTemplate\":\"https:\/\/montrealeyecare.ca\/?s={search_term_string}\"},\"query-input\":{\"@type\":\"PropertyValueSpecification\",\"valueRequired\":true,\"valueName\":\"search_term_string\"}}],\"inLanguage\":\"fr-FR\"}]}<\/script>\n<!-- \/ Yoast SEO plugin. -->","yoast_head_json":{"title":"Notre clinique - Montreal Eyecare Associates","robots":{"index":"index","follow":"follow","max-snippet":"max-snippet:-1","max-image-preview":"max-image-preview:large","max-video-preview":"max-video-preview:-1"},"canonical":"https:\/\/montrealeyecare.ca\/fr\/a-propos-de-nous\/notre-clinique\/","og_locale":"fr_FR","og_type":"article","og_title":"Notre clinique - Montreal Eyecare Associates","og_description":"[vc_row type=\u00a0\u00bbfull_width_background\u00a0\u00bb bg_position=\u00a0\u00bbleft top\u00a0\u00bb bg_repeat=\u00a0\u00bbno-repeat\u00a0\u00bb bg_color=\u00a0\u00bb#ffffff\u00a0\u00bb scene_position=\u00a0\u00bbcenter\u00a0\u00bb text_color=\u00a0\u00bbdark\u00a0\u00bb text_align=\u00a0\u00bbleft\u00a0\u00bb][vc_column width=\u00a0\u00bb1\/1&Prime;][vc_row_inner][vc_column_inner width=\u00a0\u00bb1\/1&Prime;][vc_column_text] [\/vc_column_text][\/vc_column_inner][\/vc_row_inner][image_with_animation image_url=\u00a0\u00bb986&Prime; alignment=\u00a0\u00bbcenter\u00a0\u00bb animation=\u00a0\u00bbFade In\u00a0\u00bb img_link_target=\u00a0\u00bb_self\u00a0\u00bb][divider line_type=\u00a0\u00bbNo Line\u00a0\u00bb custom_height=\u00a0\u00bb50&Prime;][vc_column_text] La clinique Associ\u00e9s Soins Oculaires Montr\u00e9al\u00a0s\u2019engage \u00e0 vous procurer un...","og_url":"https:\/\/montrealeyecare.ca\/fr\/a-propos-de-nous\/notre-clinique\/","og_site_name":"Montreal Eyecare Associates","article_modified_time":"2021-02-17T20:07:22+00:00","twitter_misc":{"Dur\u00e9e de lecture estim\u00e9e":"1 minute"},"schema":{"@context":"https:\/\/schema.org","@graph":[{"@type":"WebPage","@id":"https:\/\/montrealeyecare.ca\/fr\/a-propos-de-nous\/notre-clinique\/","url":"https:\/\/montrealeyecare.ca\/fr\/a-propos-de-nous\/notre-clinique\/","name":"Notre clinique - Montreal Eyecare Associates","isPartOf":{"@id":"https:\/\/montrealeyecare.ca\/#website"},"datePublished":"2014-07-30T16:31:43+00:00","dateModified":"2021-02-17T20:07:22+00:00","breadcrumb":{"@id":"https:\/\/montrealeyecare.ca\/fr\/a-propos-de-nous\/notre-clinique\/#breadcrumb"},"inLanguage":"fr-FR","potentialAction":[{"@type":"ReadAction","target":["https:\/\/montrealeyecare.ca\/fr\/a-propos-de-nous\/notre-clinique\/"]}]},{"@type":"BreadcrumbList","@id":"https:\/\/montrealeyecare.ca\/fr\/a-propos-de-nous\/notre-clinique\/#breadcrumb","itemListElement":[{"@type":"ListItem","position":1,"name":"Home","item":"https:\/\/montrealeyecare.ca\/fr\/"},{"@type":"ListItem","position":2,"name":"\u00c0 Propos de Nous","item":"https:\/\/montrealeyecare.ca\/fr\/a-propos-de-nous\/"},{"@type":"ListItem","position":3,"name":"Notre clinique"}]},{"@type":"WebSite","@id":"https:\/\/montrealeyecare.ca\/#website","url":"https:\/\/montrealeyecare.ca\/","name":"Montreal Eyecare Associates","description":"","potentialAction":[{"@type":"SearchAction","target":{"@type":"EntryPoint","urlTemplate":"https:\/\/montrealeyecare.ca\/?s={search_term_string}"},"query-input":{"@type":"PropertyValueSpecification","valueRequired":true,"valueName":"search_term_string"}}],"inLanguage":"fr-FR"}]}},"_links":{"self":[{"href":"https:\/\/montrealeyecare.ca\/fr\/wp-json\/wp\/v2\/pages\/273","targetHints":{"allow":["GET"]}}],"collection":[{"href":"https:\/\/montrealeyecare.ca\/fr\/wp-json\/wp\/v2\/pages"}],"about":[{"href":"https:\/\/montrealeyecare.ca\/fr\/wp-json\/wp\/v2\/types\/page"}],"author":[{"embeddable":true,"href":"https:\/\/montrealeyecare.ca\/fr\/wp-json\/wp\/v2\/users\/5"}],"replies":[{"embeddable":true,"href":"https:\/\/montrealeyecare.ca\/fr\/wp-json\/wp\/v2\/comments?post=273"}],"version-history":[{"count":0,"href":"https:\/\/montrealeyecare.ca\/fr\/wp-json\/wp\/v2\/pages\/273\/revisions"}],"up":[{"embeddable":true,"href":"https:\/\/montrealeyecare.ca\/fr\/wp-json\/wp\/v2\/pages\/261"}],"wp:attachment":[{"href":"https:\/\/montrealeyecare.ca\/fr\/wp-json\/wp\/v2\/media?parent=273"}],"curies":[{"name":"wp","href":"https:\/\/api.w.org\/{rel}","templated":true}]}}